{"id":3757,"date":"2019-11-05T15:43:49","date_gmt":"2019-11-05T15:43:49","guid":{"rendered":"http:\/\/nworion.com\/?page_id=3757"},"modified":"2023-03-26T23:35:53","modified_gmt":"2023-03-26T23:35:53","slug":"sirius-enterprice","status":"publish","type":"page","link":"https:\/\/nworion.com\/index.php\/servicios\/sistema-de-gestion\/sirius-enterprice\/","title":{"rendered":"Sirius Enterprice"},"content":{"rendered":"<p style=\"text-align: justify;\">es un sistema para empresas, cuenta con las siguientes caracter\u00edsticas.<\/p>\n<p style=\"text-align: justify;\">M\u00f3dulo Bit\u00e1cora: est\u00e1 dise\u00f1ado para los registros del personal que labora en la empresa as\u00ed como a las personas que realizan una visita a la empresa ya sea por cualquier motivo, los registros se incorpora la autenticaci\u00f3n y validaci\u00f3n del visitante.<\/p>\n<p style=\"text-align: justify;\">Modulo Empresa: est\u00e1 dise\u00f1ado para registrar al personal interno que labora en la misma, as\u00ed como la asignaci\u00f3n de cada departamento, de esta manera se obtiene una mejor estructura de la empresa.<\/p>\n<p style=\"text-align: justify;\">Modulo Despacho: esta dise\u00f1o para empresas que cuentan con un \u00e1rea de embarque y desembarque de productos, estos registros se reflejan en bit\u00e1cora para validar la salida de los veh\u00edculos o transporte de productos.<\/p>\n<p style=\"text-align: justify;\">Sirius Enterprise es un sistema escalable, adaptable a cualquier modulo.<\/p>\n<p>\t\t\t\t\t\t<!-- PopBox:popboxRender --><br \/>\n\t\t\t<!-- PopBox trigger button --><br \/>\n\t\t\t\t<a data-target=\"#popup-3704\" onclick=\"ga('send', 'event', 'modal-popup-3704', 'Click', 'PopBox Button Clicked');\" ><br \/>\n\t\t\t\t\t\t\t\t\t\t\t\tPedir Presupuesto<br \/>\n\t\t\t\t<\/a><br \/>\n\t\t\t<!-- \/PopBox trigger button --><br \/>\n\t\t\t<!-- PopBox --><br \/>\n                    <button type=\"button\" data-dismiss=\"modal\" aria-label=\"Close\"><br \/>\n\t\t\t\t\t<\/button><\/p>\n<form id=\"wpforms-form-193\" data-formid=\"193\" method=\"post\" enctype=\"multipart\/form-data\" action=\"\/wp-admin\/admin-ajax.php\"><label for=\"wpforms-193-field_3\">Nombres Completos *<\/label><input type=\"text\" id=\"wpforms-193-field_3\" name=\"wpforms[fields][3]\" placeholder=\"Ingrese su nombre completo\" required><label for=\"wpforms-193-field_4\">Tel\u00e9fono *<\/label><input type=\"text\" id=\"wpforms-193-field_4\" name=\"wpforms[fields][4]\" placeholder=\"Ingrese n\u00famero tel\u00e9fonico\" required><label for=\"wpforms-193-field_1\">Email *<\/label><input type=\"email\" id=\"wpforms-193-field_1\" name=\"wpforms[fields][1]\" placeholder=\"Ingrese su correo\" required><label for=\"wpforms-193-field_6\">Servicios *<\/label><select name=\"wpforms[fields][6]\" id=\"wpforms-193-field_6\"  required ><option value=\"\" disabled  selected='selected'>Escoja servicios..<\/option><option value=\"CCTV\" >CCTV<\/option><option value=\"ALARMAS\" >ALARMAS<\/option><option value=\"CERCAS EL\u00c9CTRICAS\" >CERCAS EL\u00c9CTRICAS<\/option><option value=\"CONTRA INCENDIO\" >CONTRA INCENDIO<\/option><option value=\"OTROS\" >OTROS<\/option><\/select><label for=\"wpforms-193-field_2\">Mensaje *<\/label><textarea id=\"wpforms-193-field_2\" name=\"wpforms[fields][2]\" required><\/textarea><label for=\"wpforms-field_hp\">Email<\/label><input type=\"text\" name=\"wpforms[hp]\" id=\"wpforms-field_hp\"><input type=\"hidden\" name=\"wpforms[id]\" value=\"193\"><input type=\"hidden\" name=\"wpforms[author]\" value=\"3\"><button type=\"submit\" name=\"wpforms[submit]\" id=\"wpforms-submit-193\" value=\"wpforms-submit\" data-alt-text=\"Enviando...\">Enviar<\/button><\/form>\n<p>Brazilian escorts are one of the most popular types of escorts in New York. They can bring a lot of <a href=\"https:\/\/nycescortmodels.com\/model\/brazilian-escorts\">brazilian escorts nyc<\/a> excitement to any evening.<\/p>\n<p>In Dubai, there are many professional and beautiful women working in a variety of industries. They are horny and eager to hook up with <a href=\"https:\/\/dubaiescortstate.com\/\">escort dubai<\/a> a good looking man who appreciates their intelligence and career success.<\/p>\n","protected":false},"excerpt":{"rendered":"<p>es un sistema para empresas, cuenta con las siguientes caracter\u00edsticas. M\u00f3dulo Bit\u00e1cora: est\u00e1 dise\u00f1ado para los registros del personal que labora en la empresa as\u00ed como a las personas que realizan una visita a la empresa ya sea por cualquier motivo, los registros se incorpora la autenticaci\u00f3n y validaci\u00f3n del visitante. Modulo Empresa: est\u00e1 dise\u00f1ado [&hellip;]<\/p>\n","protected":false},"author":3,"featured_media":0,"parent":167,"menu_order":0,"comment_status":"closed","ping_status":"closed","template":"","meta":{"ngg_post_thumbnail":0,"footnotes":""},"class_list":["post-3757","page","type-page","status-publish","hentry","post"],"_links":{"self":[{"href":"https:\/\/nworion.com\/index.php\/wp-json\/wp\/v2\/pages\/3757"}],"collection":[{"href":"https:\/\/nworion.com\/index.php\/wp-json\/wp\/v2\/pages"}],"about":[{"href":"https:\/\/nworion.com\/index.php\/wp-json\/wp\/v2\/types\/page"}],"author":[{"embeddable":true,"href":"https:\/\/nworion.com\/index.php\/wp-json\/wp\/v2\/users\/3"}],"replies":[{"embeddable":true,"href":"https:\/\/nworion.com\/index.php\/wp-json\/wp\/v2\/comments?post=3757"}],"version-history":[{"count":5,"href":"https:\/\/nworion.com\/index.php\/wp-json\/wp\/v2\/pages\/3757\/revisions"}],"predecessor-version":[{"id":4556,"href":"https:\/\/nworion.com\/index.php\/wp-json\/wp\/v2\/pages\/3757\/revisions\/4556"}],"up":[{"embeddable":true,"href":"https:\/\/nworion.com\/index.php\/wp-json\/wp\/v2\/pages\/167"}],"wp:attachment":[{"href":"https:\/\/nworion.com\/index.php\/wp-json\/wp\/v2\/media?parent=3757"}],"curies":[{"name":"wp","href":"https:\/\/api.w.org\/{rel}","templated":true}]}}