{"id":3752,"date":"2019-11-05T15:29:31","date_gmt":"2019-11-05T15:29:31","guid":{"rendered":"http:\/\/nworion.com\/?page_id=3752"},"modified":"2019-11-08T17:11:41","modified_gmt":"2019-11-08T17:11:41","slug":"sirius","status":"publish","type":"page","link":"https:\/\/nworion.com\/index.php\/servicios\/sistema-de-gestion\/sirius\/","title":{"rendered":"Sirius"},"content":{"rendered":"<p><img loading=\"lazy\" decoding=\"async\" width=\"700\" height=\"400\" src=\"http:\/\/nworion.com\/wp-content\/uploads\/2019\/11\/market-sirius-compressor.png\" alt=\"\" srcset=\"http:\/\/nworion.com\/wp-content\/uploads\/2019\/11\/market-sirius-compressor.png 700w, http:\/\/nworion.com\/wp-content\/uploads\/2019\/11\/market-sirius-compressor-300x171.png 300w\" sizes=\"(max-width: 700px) 100vw, 700px\" \/>\t\t\t\t\t\t\t\t\t\t\t<\/p>\n<p style=\"text-align: justify;\">Sirius es un sistema modular, est\u00e1 dise\u00f1ado para la gesti\u00f3n de urbanizaciones convirti\u00e9ndose en un aliado importante en la parte administrativa de la urbanizaci\u00f3n.<\/p>\n<p style=\"text-align: justify;\">Sirius en su versi\u00f3n 2.1 cuenta con las siguientes caracter\u00edsticas.<\/p>\n<p style=\"text-align: justify;\">Gesti\u00f3n de propiedades, podr\u00e1 crear propiedades con su respectivo detalle de ubicaci\u00f3n, metraje, \u00e1rea, con la finalidad de calcular el valor de al\u00edcuota.<\/p>\n<p style=\"text-align: justify;\">Gesti\u00f3n de Personas, podr\u00e1 crear los propietarios e inquilinos, adem\u00e1s de asignar a las propiedades respectivas.<\/p>\n<p style=\"text-align: justify;\">Gesti\u00f3n de Urbanizaci\u00f3n, en este m\u00f3dulo podr\u00e1 crear los usuarios que tendr\u00e1n acceso al sistema, administradores y guardias.<\/p>\n<p style=\"text-align: justify;\">Gesti\u00f3n Bit\u00e1cora, este m\u00f3dulo est\u00e1 dise\u00f1ado para el control de ingreso a la ciudadela de los visitantes, cuenta con validaci\u00f3n de placa para un control m\u00e1s eficiente.<\/p>\n<p style=\"text-align: justify;\">Gesti\u00f3n Financiera, est\u00e1 dise\u00f1ado para controlar morosidad, cuentas por cobrar, facturaci\u00f3n, cobros y recaudaciones.<\/p>\n<p>\t\t\t\t\t\t<!-- PopBox:popboxRender --><br \/>\n\t\t\t<!-- PopBox trigger button --><br \/>\n\t\t\t\t<a data-target=\"#popup-3704\" onclick=\"ga('send', 'event', 'modal-popup-3704', 'Click', 'PopBox Button Clicked');\"  rel=\"noopener noreferrer\"><br \/>\n\t\t\t\t\t\t\t\t\t\t\t\tPedir Presupuesto<br \/>\n\t\t\t\t<\/a><br \/>\n\t\t\t<!-- \/PopBox trigger button --><br \/>\n\t\t\t<!-- PopBox --><br \/>\n                    <button type=\"button\" data-dismiss=\"modal\" aria-label=\"Close\"><br \/>\n\t\t\t\t\t<\/button><\/p>\n<form id=\"wpforms-form-193\" data-formid=\"193\" method=\"post\" enctype=\"multipart\/form-data\" action=\"\/wp-admin\/admin-ajax.php\"><label for=\"wpforms-193-field_3\">Nombres Completos *<\/label><input type=\"text\" id=\"wpforms-193-field_3\" name=\"wpforms[fields][3]\" placeholder=\"Ingrese su nombre completo\" required><label for=\"wpforms-193-field_4\">Tel\u00e9fono *<\/label><input type=\"text\" id=\"wpforms-193-field_4\" name=\"wpforms[fields][4]\" placeholder=\"Ingrese n\u00famero tel\u00e9fonico\" required><label for=\"wpforms-193-field_1\">Email *<\/label><input type=\"email\" id=\"wpforms-193-field_1\" name=\"wpforms[fields][1]\" placeholder=\"Ingrese su correo\" required><label for=\"wpforms-193-field_6\">Servicios *<\/label><select id=\"wpforms-193-field_6\" name=\"wpforms[fields][6]\" required=\"required\"><option value=\"\" disabled  selected='selected'>Escoja servicios..<\/option><option value=\"CCTV\" >CCTV<\/option><option value=\"ALARMAS\" >ALARMAS<\/option><option value=\"CERCAS EL\u00c9CTRICAS\" >CERCAS EL\u00c9CTRICAS<\/option><option value=\"CONTRA INCENDIO\" >CONTRA INCENDIO<\/option><option value=\"OTROS\" >OTROS<\/option><\/select><label for=\"wpforms-193-field_2\">Mensaje *<\/label><textarea id=\"wpforms-193-field_2\" name=\"wpforms[fields][2]\" required><\/textarea><label for=\"wpforms-193-field-hp\">Website<\/label><input type=\"text\" name=\"wpforms[hp]\" id=\"wpforms-193-field-hp\"><input type=\"hidden\" name=\"wpforms[id]\" value=\"193\"><input type=\"hidden\" name=\"wpforms[author]\" value=\"3\"><button type=\"submit\" name=\"wpforms[submit]\" id=\"wpforms-submit-193\" value=\"wpforms-submit\" aria-live=\"assertive\" data-alt-text=\"Enviando...\" data-submit-text=\"Enviar\">Enviar<\/button><\/form>\n<p>  <!-- .wpforms-container --><\/p>\n","protected":false},"excerpt":{"rendered":"<p>Sirius es un sistema modular, est\u00e1 dise\u00f1ado para la gesti\u00f3n de urbanizaciones convirti\u00e9ndose en un aliado importante en la parte administrativa de la urbanizaci\u00f3n. Sirius en su versi\u00f3n 2.1 cuenta con las siguientes caracter\u00edsticas. Gesti\u00f3n de propiedades, podr\u00e1 crear propiedades con su respectivo detalle de ubicaci\u00f3n, metraje, \u00e1rea, con la finalidad de calcular el valor [&hellip;]<\/p>\n","protected":false},"author":3,"featured_media":0,"parent":167,"menu_order":0,"comment_status":"closed","ping_status":"closed","template":"","meta":{"ngg_post_thumbnail":0,"footnotes":""},"class_list":["post-3752","page","type-page","status-publish","hentry","post"],"_links":{"self":[{"href":"https:\/\/nworion.com\/index.php\/wp-json\/wp\/v2\/pages\/3752"}],"collection":[{"href":"https:\/\/nworion.com\/index.php\/wp-json\/wp\/v2\/pages"}],"about":[{"href":"https:\/\/nworion.com\/index.php\/wp-json\/wp\/v2\/types\/page"}],"author":[{"embeddable":true,"href":"https:\/\/nworion.com\/index.php\/wp-json\/wp\/v2\/users\/3"}],"replies":[{"embeddable":true,"href":"https:\/\/nworion.com\/index.php\/wp-json\/wp\/v2\/comments?post=3752"}],"version-history":[{"count":8,"href":"https:\/\/nworion.com\/index.php\/wp-json\/wp\/v2\/pages\/3752\/revisions"}],"predecessor-version":[{"id":3827,"href":"https:\/\/nworion.com\/index.php\/wp-json\/wp\/v2\/pages\/3752\/revisions\/3827"}],"up":[{"embeddable":true,"href":"https:\/\/nworion.com\/index.php\/wp-json\/wp\/v2\/pages\/167"}],"wp:attachment":[{"href":"https:\/\/nworion.com\/index.php\/wp-json\/wp\/v2\/media?parent=3752"}],"curies":[{"name":"wp","href":"https:\/\/api.w.org\/{rel}","templated":true}]}}