{"id":3688,"date":"2019-10-31T16:50:47","date_gmt":"2019-10-31T16:50:47","guid":{"rendered":"http:\/\/nworion.com\/?page_id=3688"},"modified":"2019-11-06T14:55:56","modified_gmt":"2019-11-06T14:55:56","slug":"domotica-2","status":"publish","type":"page","link":"https:\/\/nworion.com\/index.php\/servicios\/domotica-2\/","title":{"rendered":"Dom\u00f3tica"},"content":{"rendered":"<p style=\"text-align: justify;\">La\u00a0dom\u00f3tica es el conjunto de tecnolog\u00edas aplicadas al control y la automatizaci\u00f3n inteligente\u00a0de la vivienda, que permite una gesti\u00f3n eficiente del uso de la energ\u00eda, que aporta seguridad y\u00a0confort,\u00a0adem\u00e1s de\u00a0comunicaci\u00f3n entre el usuario y el sistema.<\/p>\n<p><img loading=\"lazy\" decoding=\"async\" src=\"http:\/\/nworion.com\/wp-content\/uploads\/2019\/11\/domotica-300x169.jpg\" alt=\"\" width=\"321\" height=\"181\" \/><\/p>\n<p style=\"text-align: justify;\">La dom\u00f3tica permite dar respuesta a los requerimientos que plantean estos cambios sociales y las nuevas tendencias de nuestra forma de vida, facilitando el dise\u00f1o de casas y hogares m\u00e1s humanos, m\u00e1s personales, polifuncionales y flexibles.<\/p>\n<p style=\"text-align: justify;\"><strong>La dom\u00f3tica contribuye a mejorar la calidad de vida del usuario:<\/strong><\/p>\n<p style=\"text-align: justify;\"><strong>Ahorro energ\u00e9tico<\/strong>:\u00a0gestiona inteligentemente la iluminaci\u00f3n, climatizaci\u00f3n, agua caliente sanitaria, el riego, los electrodom\u00e9sticos, etc.<\/p>\n<p style=\"text-align: justify;\"><strong>Accesibilidad<\/strong>:\u00a0facilita el manejo de los elementos del hogar a las personas con discapacidades de la forma que m\u00e1s se ajuste a sus necesidades, adem\u00e1s de ofrecer servicios de tele asistencia para aquellos que lo necesiten.<\/p>\n<p style=\"text-align: justify;\"><strong>Seguridad:<\/strong>\u00a0mediante la vigilancia autom\u00e1tica de personas, animales y bienes, as\u00ed como de incidencias y aver\u00edas.<\/p>\n<p style=\"text-align: justify;\"><strong>Comunicaciones:<\/strong>\u00a0Transmisi\u00f3n de voz y datos, incluyendo textos, im\u00e1genes, sonidos (multimedia) con redes locales (LAN) compartiendo acceso a Internet, recursos e intercambio entre todos los dispositivos, acceso a nuevos servicios de telefon\u00eda sobre IP, televisi\u00f3n digital, televisi\u00f3n por cable, diagn\u00f3stico remoto, videoconferencias, etc.<\/p>\n<p style=\"text-align: justify;\"><strong>Mantenimiento:<\/strong>\u00a0Con capacidad de incorporar el tele mantenimiento de los equipos.<\/p>\n<p style=\"text-align: justify;\"><strong>Ocio y tiempo libre:<\/strong>\u00a0Descansar y divertirse con radio, televisi\u00f3n, m\u00f9ltisala, cine en casa, videojuegos, captura, tratamiento y distribuci\u00f3n de im\u00e1genes fijas (foto) y din\u00e1micas (v\u00eddeo) y de sonido (m\u00fasica) dentro y fuera de la casa, a trav\u00e9s de Internet, etc.<\/p>\n<p style=\"text-align: justify;\"><strong>Salud<\/strong>:\u00a0Actuar en la sanidad mediante asistencia sanitaria, consultor\u00eda sobre alimentaci\u00f3n y dieta, telecontrol y alarmas de salud, medicina monitorizada, cuidado m\u00e9dico, etc.<\/p>\n<p style=\"text-align: justify;\"><strong>Compra:<\/strong>\u00a0Comprar y vender mediante la tele compra, tele venta, tele reserva, desde la casa, etc. \u00a0Finanzas: Gesti\u00f3n del dinero y las cuentas bancarias mediante la tele banca, consultor\u00eda financiera&#8230;.<\/p>\n<p style=\"text-align: justify;\"><strong>Aprendizaje:<\/strong>\u00a0Aprender y reciclarse mediante la tele-ense\u00f1anza, cursos a distancia&#8230;<\/p>\n<p style=\"text-align: justify;\"><strong>Actividad profesional:<\/strong>\u00a0Trabajar total o parcialmente desde el hogar, posibilidad viable para ciertas profesiones (teletrabajo), etc.<\/p>\n<p style=\"text-align: justify;\"><strong>Ciudadan\u00eda<\/strong><strong>:<\/strong>\u00a0Gestiones m\u00faltiples con la Administraci\u00f3n del Estado, la Comunidad Aut\u00f3noma y el Municipio, voto electr\u00f3nico, etc.<\/p>\n<p style=\"text-align: justify;\"><strong>Acceso a informaci\u00f3n:<\/strong>\u00a0Museos, bibliotecas, libros, peri\u00f3dicos, informaci\u00f3n meteorol\u00f3gica, etc.<\/p>\n<p>\t\t\t\t\t\t<!-- PopBox:popboxRender --><br \/>\n\t\t\t<!-- PopBox trigger button --><br \/>\n\t\t\t\t<a data-target=\"#popup-3704\" onclick=\"ga('send', 'event', 'modal-popup-3704', 'Click', 'PopBox Button Clicked');\" ><br \/>\n\t\t\t\t\t\t\t\t\t\t\t\tPedir Presupuesto<br \/>\n\t\t\t\t<\/a><br \/>\n\t\t\t<!-- \/PopBox trigger button --><br \/>\n\t\t\t<!-- PopBox --><br \/>\n                    <button type=\"button\" data-dismiss=\"modal\" aria-label=\"Close\"><br \/>\n\t\t\t\t\t<\/button><\/p>\n<form id=\"wpforms-form-193\" data-formid=\"193\" method=\"post\" enctype=\"multipart\/form-data\" action=\"\/wp-admin\/admin-ajax.php\"><label for=\"wpforms-193-field_3\">Nombres Completos *<\/label><input type=\"text\" id=\"wpforms-193-field_3\" name=\"wpforms[fields][3]\" placeholder=\"Ingrese su nombre completo\" required><label for=\"wpforms-193-field_4\">Tel\u00e9fono *<\/label><input type=\"text\" id=\"wpforms-193-field_4\" name=\"wpforms[fields][4]\" placeholder=\"Ingrese n\u00famero tel\u00e9fonico\" required><label for=\"wpforms-193-field_1\">Email *<\/label><input type=\"email\" id=\"wpforms-193-field_1\" name=\"wpforms[fields][1]\" placeholder=\"Ingrese su correo\" required><label for=\"wpforms-193-field_6\">Servicios *<\/label><select name=\"wpforms[fields][6]\" id=\"wpforms-193-field_6\"  required ><option value=\"\" disabled  selected='selected'>Escoja servicios..<\/option><option value=\"CCTV\" >CCTV<\/option><option value=\"ALARMAS\" >ALARMAS<\/option><option value=\"CERCAS EL\u00c9CTRICAS\" >CERCAS EL\u00c9CTRICAS<\/option><option value=\"CONTRA INCENDIO\" >CONTRA INCENDIO<\/option><option value=\"OTROS\" >OTROS<\/option><\/select><label for=\"wpforms-193-field_2\">Mensaje *<\/label><textarea id=\"wpforms-193-field_2\" name=\"wpforms[fields][2]\" required><\/textarea><label for=\"wpforms-field_hp\">Name<\/label><input type=\"text\" name=\"wpforms[hp]\" id=\"wpforms-field_hp\"><input type=\"hidden\" name=\"wpforms[id]\" value=\"193\"><input type=\"hidden\" name=\"wpforms[author]\" value=\"3\"><button type=\"submit\" name=\"wpforms[submit]\" id=\"wpforms-submit-193\" value=\"wpforms-submit\" data-alt-text=\"Enviando...\">Enviar<\/button><\/form>\n","protected":false},"excerpt":{"rendered":"<p>La\u00a0dom\u00f3tica es el conjunto de tecnolog\u00edas aplicadas al control y la automatizaci\u00f3n inteligente\u00a0de la vivienda, que permite una gesti\u00f3n eficiente del uso de la energ\u00eda, que aporta seguridad y\u00a0confort,\u00a0adem\u00e1s de\u00a0comunicaci\u00f3n entre el usuario y el sistema. La dom\u00f3tica permite dar respuesta a los requerimientos que plantean estos cambios sociales y las nuevas tendencias de nuestra [&hellip;]<\/p>\n","protected":false},"author":3,"featured_media":0,"parent":73,"menu_order":0,"comment_status":"closed","ping_status":"closed","template":"","meta":{"ngg_post_thumbnail":0,"footnotes":""},"class_list":["post-3688","page","type-page","status-publish","hentry","post"],"_links":{"self":[{"href":"https:\/\/nworion.com\/index.php\/wp-json\/wp\/v2\/pages\/3688"}],"collection":[{"href":"https:\/\/nworion.com\/index.php\/wp-json\/wp\/v2\/pages"}],"about":[{"href":"https:\/\/nworion.com\/index.php\/wp-json\/wp\/v2\/types\/page"}],"author":[{"embeddable":true,"href":"https:\/\/nworion.com\/index.php\/wp-json\/wp\/v2\/users\/3"}],"replies":[{"embeddable":true,"href":"https:\/\/nworion.com\/index.php\/wp-json\/wp\/v2\/comments?post=3688"}],"version-history":[{"count":6,"href":"https:\/\/nworion.com\/index.php\/wp-json\/wp\/v2\/pages\/3688\/revisions"}],"predecessor-version":[{"id":24069,"href":"https:\/\/nworion.com\/index.php\/wp-json\/wp\/v2\/pages\/3688\/revisions\/24069"}],"up":[{"embeddable":true,"href":"https:\/\/nworion.com\/index.php\/wp-json\/wp\/v2\/pages\/73"}],"wp:attachment":[{"href":"https:\/\/nworion.com\/index.php\/wp-json\/wp\/v2\/media?parent=3688"}],"curies":[{"name":"wp","href":"https:\/\/api.w.org\/{rel}","templated":true}]}}