{"id":163,"date":"2018-06-08T20:46:37","date_gmt":"2018-06-08T20:46:37","guid":{"rendered":"http:\/\/nworion.com\/?page_id=163"},"modified":"2019-11-06T14:50:32","modified_gmt":"2019-11-06T14:50:32","slug":"cercas-electricas","status":"publish","type":"page","link":"https:\/\/nworion.com\/index.php\/servicios\/cercas-electricas\/","title":{"rendered":"Sistema Cercas El\u00e9ctricas"},"content":{"rendered":"<p style=\"text-align: justify;\">Cerca El\u00e9ctrica tambi\u00e9n conocida como valla el\u00e9ctrica,\u00a0es un sistema de seguridad, en el que un alimentador o electrificador genera impulsos cortos de alta tensi\u00f3n a intervalos de un segundo para proteger per\u00edmetros, emitiendo una descarga que no produce la muerte.<\/p>\n<p style=\"text-align: justify;\"><strong>son consideradas uno de los sistemas m\u00e1s eficientes para cuidar todo el per\u00edmetro de la empresa u hogares.<\/strong>\u00a0Esto se debe a que, la persona que desea entrar sin autorizaci\u00f3n se mantiene fuera de los per\u00edmetros de la propiedad y aunque lo intente, no puede ingresar.<\/p>\n<p><img loading=\"lazy\" decoding=\"async\" src=\"http:\/\/nworion.com\/wp-content\/uploads\/2012\/04\/servicios_cerca_electrica-300x190.jpg\" alt=\"\" width=\"351\" height=\"222\" \/><\/p>\n<p style=\"text-align: justify;\">En\u00a0<strong>NETWORK ORION\u00a0<\/strong>contamos con todos los equipos necesarios para una correcta integraci\u00f3n:<\/p>\n<ul>\n<li style=\"text-align: justify;\">\n<p><strong>Energizadores para todo tipo de per\u00edmetro y dimensi\u00f3n:<\/strong>\u00a0Este aparato se encarga de monitorear el voltaje de la cerca y emitir una se\u00f1al de alarma si los valores cambian.<\/p>\n<\/li>\n<li style=\"text-align: justify;\">\n<p><strong>Aisladores Tropicalizadores:<\/strong>\u00a0Es un componente que tiene el prop\u00f3sito de aislar el conductor el\u00e9ctrico del soporte de apoyo. Es muy importante, porque no permite el paso de la el<\/p>\n<\/li>\n<li style=\"text-align: justify;\">\n<p>ectricidad del conductor hacia tierra.<\/p>\n<\/li>\n<li style=\"text-align: justify;\">\n<p><strong>Templadores:<\/strong>\u00a0Permiten incrementar o libe<\/p>\n<\/li>\n<li style=\"text-align: justify;\">\n<p>rar tensi\u00f3n en un cable conducente de electricidad, de esta forma, se regula la corriente el\u00e9ctrica que pasa por los conductores.<\/p>\n<\/li>\n<li>\n<p style=\"text-align: justify;\"><strong>L\u00edneas El\u00e9ctricas:\u00a0<\/strong>Es el punto por medio del cual se realiza la transmisi\u00f3n y distribuci\u00f3n de la electricidad hacia los dem\u00e1s componentes de la cerca.<\/p>\n<p><img loading=\"lazy\" decoding=\"async\" style=\"font-family: inherit; font-style: inherit; font-weight: inherit;\" src=\"http:\/\/nworion.com\/wp-content\/uploads\/2019\/11\/electric-fence-71378_1280-300x200.jpg\" alt=\"\" width=\"300\" height=\"200\" \/><\/p>\n<\/li>\n<\/ul>\n<p style=\"text-align: justify;\"><em>Las cercas el\u00e9ctricas constituyen un m\u00e9todo de seguridad efectivo y de bajo costo, ya que no consume demasiada energ\u00eda y no son tan costosas, adicionalmente, es de f\u00e1cil instalaci\u00f3n y no rompe con la est\u00e9tica del lugar.<\/em><\/p>\n<p>\t\t\t\t\t\t<!-- PopBox:popboxRender --><br \/>\n\t\t\t<!-- PopBox trigger button --><br \/>\n\t\t\t\t<a data-target=\"#popup-3704\" onclick=\"ga('send', 'event', 'modal-popup-3704', 'Click', 'PopBox Button Clicked');\" ><br \/>\n\t\t\t\t\t\t\t\t\t\t\t\tPedir Presupuesto<br \/>\n\t\t\t\t<\/a><br \/>\n\t\t\t<!-- \/PopBox trigger button --><br \/>\n\t\t\t<!-- PopBox --><br \/>\n                    <button type=\"button\" data-dismiss=\"modal\" aria-label=\"Close\"><br \/>\n\t\t\t\t\t<\/button><\/p>\n<form id=\"wpforms-form-193\" data-formid=\"193\" method=\"post\" enctype=\"multipart\/form-data\" action=\"\/wp-admin\/admin-ajax.php\"><label for=\"wpforms-193-field_3\">Nombres Completos *<\/label><input type=\"text\" id=\"wpforms-193-field_3\" name=\"wpforms[fields][3]\" placeholder=\"Ingrese su nombre completo\" required><label for=\"wpforms-193-field_4\">Tel\u00e9fono *<\/label><input type=\"text\" id=\"wpforms-193-field_4\" name=\"wpforms[fields][4]\" placeholder=\"Ingrese n\u00famero tel\u00e9fonico\" required><label for=\"wpforms-193-field_1\">Email *<\/label><input type=\"email\" id=\"wpforms-193-field_1\" name=\"wpforms[fields][1]\" placeholder=\"Ingrese su correo\" required><label for=\"wpforms-193-field_6\">Servicios *<\/label><select name=\"wpforms[fields][6]\" id=\"wpforms-193-field_6\"  required ><option value=\"\" disabled  selected='selected'>Escoja servicios..<\/option><option value=\"CCTV\" >CCTV<\/option><option value=\"ALARMAS\" >ALARMAS<\/option><option value=\"CERCAS EL\u00c9CTRICAS\" >CERCAS EL\u00c9CTRICAS<\/option><option value=\"CONTRA INCENDIO\" >CONTRA INCENDIO<\/option><option value=\"OTROS\" >OTROS<\/option><\/select><label for=\"wpforms-193-field_2\">Mensaje *<\/label><textarea id=\"wpforms-193-field_2\" name=\"wpforms[fields][2]\" required><\/textarea><label for=\"wpforms-field_hp\">Comment<\/label><input type=\"text\" name=\"wpforms[hp]\" id=\"wpforms-field_hp\"><input type=\"hidden\" name=\"wpforms[id]\" value=\"193\"><input type=\"hidden\" name=\"wpforms[author]\" value=\"3\"><button type=\"submit\" name=\"wpforms[submit]\" id=\"wpforms-submit-193\" value=\"wpforms-submit\" data-alt-text=\"Enviando...\">Enviar<\/button><\/form>\n","protected":false},"excerpt":{"rendered":"<p>Cerca El\u00e9ctrica tambi\u00e9n conocida como valla el\u00e9ctrica,\u00a0es un sistema de seguridad, en el que un alimentador o electrificador genera impulsos cortos de alta tensi\u00f3n a intervalos de un segundo para proteger per\u00edmetros, emitiendo una descarga que no produce la muerte. son consideradas uno de los sistemas m\u00e1s eficientes para cuidar todo el per\u00edmetro de la [&hellip;]<\/p>\n","protected":false},"author":1,"featured_media":0,"parent":73,"menu_order":0,"comment_status":"closed","ping_status":"closed","template":"","meta":{"ngg_post_thumbnail":0,"footnotes":""},"class_list":["post-163","page","type-page","status-publish","hentry","post"],"_links":{"self":[{"href":"https:\/\/nworion.com\/index.php\/wp-json\/wp\/v2\/pages\/163"}],"collection":[{"href":"https:\/\/nworion.com\/index.php\/wp-json\/wp\/v2\/pages"}],"about":[{"href":"https:\/\/nworion.com\/index.php\/wp-json\/wp\/v2\/types\/page"}],"author":[{"embeddable":true,"href":"https:\/\/nworion.com\/index.php\/wp-json\/wp\/v2\/users\/1"}],"replies":[{"embeddable":true,"href":"https:\/\/nworion.com\/index.php\/wp-json\/wp\/v2\/comments?post=163"}],"version-history":[{"count":6,"href":"https:\/\/nworion.com\/index.php\/wp-json\/wp\/v2\/pages\/163\/revisions"}],"predecessor-version":[{"id":3776,"href":"https:\/\/nworion.com\/index.php\/wp-json\/wp\/v2\/pages\/163\/revisions\/3776"}],"up":[{"embeddable":true,"href":"https:\/\/nworion.com\/index.php\/wp-json\/wp\/v2\/pages\/73"}],"wp:attachment":[{"href":"https:\/\/nworion.com\/index.php\/wp-json\/wp\/v2\/media?parent=163"}],"curies":[{"name":"wp","href":"https:\/\/api.w.org\/{rel}","templated":true}]}}