{"id":159,"date":"2018-06-08T20:46:03","date_gmt":"2018-06-08T20:46:03","guid":{"rendered":"http:\/\/nworion.com\/?page_id=159"},"modified":"2025-11-11T16:03:08","modified_gmt":"2025-11-11T16:03:08","slug":"cctv","status":"publish","type":"page","link":"https:\/\/nworion.com\/index.php\/servicios\/cctv\/","title":{"rendered":"Sistema de CCTV"},"content":{"rendered":"<p style=\"text-align: justify;\">El circuito cerrado de televisi\u00f3n,&nbsp; consiste en una combinaci\u00f3n de m\u00faltiples c\u00e1maras de vigilancia, ya sea estacionaria o de rotaci\u00f3n, conectado a un DVR (Digital Video Recording) y un monitor, est\u00e1n conectados a trav\u00e9s del cableado (o, en los \u00faltimos a\u00f1os, conexi\u00f3n inal\u00e1mbrica) a un router, que gestiona el flujo de informaci\u00f3n de lo que corresponde vigilar. No importa el tipo de conexi\u00f3n, las im\u00e1genes de las c\u00e1maras de seguridad &nbsp;permanecen dentro de la red de monitores y c\u00e1maras. Esta es la raz\u00f3n de la expresi\u00f3n &#8220;circuito cerrado&#8221;.<\/p>\n<p>Las c\u00e1maras de vigilancia se utilizan pr\u00e1cticamente en todas las \u00e1reas donde la producci\u00f3n es esencial y la seguridad es fundamental para las empresas.<\/p>\n<p style=\"text-align: justify;\">Los \u00faltimos avances tecnol\u00f3gicos han tra\u00eddo m\u00e1s cerca el circuito cerrado de televisi\u00f3n CCTV a las computadoras y a la televisi\u00f3n en t\u00e9rminos de complejidad. La capacidad de hacer las c\u00e1maras de vigilancia m\u00e1s peque\u00f1as permite sistemas de vigilancia menos evidentes y la capacidad de colocar c\u00e1maras de vigilancia en los lugares m\u00e1s peque\u00f1os.<\/p>\n<p style=\"text-align: justify;\">Las ventajas de las c\u00e1maras de seguridad incluyen la capacidad de observar las situaciones de peligro a distancia, la capacidad de proporcionar un ojo constante de las actividades rutinarias, y una gran herramienta para el hogar y las empresas de seguridad, en un esfuerzo para combatir la delincuencia, o bien en el hogar u oficina para chequear el desempe\u00f1o de los trabajadores.<\/p>\n<p style=\"text-align: justify;\">L\u00f3gicamente, en casi todos los casos el CCTV tiene que estar acompa\u00f1ado de la grabaci\u00f3n de los eventos que se vigila con el objeto de obtener evidencia de todos los movimientos importantes, y adem\u00e1s el minimizar la vigilancia humana de los monitores.<\/p>\n<form id=\"wpforms-form-193\" action=\"\/wp-admin\/admin-ajax.php\" enctype=\"multipart\/form-data\" method=\"post\" data-formid=\"193\"><\/form>\n\n\n\n","protected":false},"excerpt":{"rendered":"<p>El circuito cerrado de televisi\u00f3n,&nbsp; consiste en una combinaci\u00f3n de m\u00faltiples c\u00e1maras de vigilancia, ya sea estacionaria o de rotaci\u00f3n, conectado a un DVR (Digital Video Recording) y un monitor, est\u00e1n conectados a trav\u00e9s del cableado (o, en los \u00faltimos a\u00f1os, conexi\u00f3n inal\u00e1mbrica) a un router, que gestiona el flujo de informaci\u00f3n de lo que [&hellip;]<\/p>\n","protected":false},"author":1,"featured_media":0,"parent":73,"menu_order":0,"comment_status":"closed","ping_status":"closed","template":"","meta":{"ngg_post_thumbnail":0,"footnotes":""},"class_list":["post-159","page","type-page","status-publish","hentry","post"],"_links":{"self":[{"href":"https:\/\/nworion.com\/index.php\/wp-json\/wp\/v2\/pages\/159"}],"collection":[{"href":"https:\/\/nworion.com\/index.php\/wp-json\/wp\/v2\/pages"}],"about":[{"href":"https:\/\/nworion.com\/index.php\/wp-json\/wp\/v2\/types\/page"}],"author":[{"embeddable":true,"href":"https:\/\/nworion.com\/index.php\/wp-json\/wp\/v2\/users\/1"}],"replies":[{"embeddable":true,"href":"https:\/\/nworion.com\/index.php\/wp-json\/wp\/v2\/comments?post=159"}],"version-history":[{"count":16,"href":"https:\/\/nworion.com\/index.php\/wp-json\/wp\/v2\/pages\/159\/revisions"}],"predecessor-version":[{"id":24090,"href":"https:\/\/nworion.com\/index.php\/wp-json\/wp\/v2\/pages\/159\/revisions\/24090"}],"up":[{"embeddable":true,"href":"https:\/\/nworion.com\/index.php\/wp-json\/wp\/v2\/pages\/73"}],"wp:attachment":[{"href":"https:\/\/nworion.com\/index.php\/wp-json\/wp\/v2\/media?parent=159"}],"curies":[{"name":"wp","href":"https:\/\/api.w.org\/{rel}","templated":true}]}}