{"id":118,"date":"2018-06-06T21:46:14","date_gmt":"2018-06-06T21:46:14","guid":{"rendered":"http:\/\/nworion.com\/?page_id=118"},"modified":"2025-01-13T16:06:54","modified_gmt":"2025-01-13T16:06:54","slug":"mision-y-vision","status":"publish","type":"page","link":"https:\/\/nworion.com\/index.php\/acerca-de\/mision-y-vision\/","title":{"rendered":"Misi\u00f3n y Visi\u00f3n"},"content":{"rendered":"<div class=\"span7\"><strong>MISI\u00d3N:<\/strong><\/div>\n<div>Proveer servicios y productos de seguridad electr\u00f3nica vanguardistas en constante innovaci\u00f3n, con los mejores niveles de estabilidad, versatilidad y calidad; aplicando eficientes pr\u00e1cticas de trabajo y asesoramiento para garantizar la satisfacci\u00f3n de nuestros clientes.<\/div>\n<div>&nbsp;<\/div>\n<div><strong>VISI\u00d3N:<\/strong><\/div>\n<div>Ser la empresa l\u00edder en seguridad electr\u00f3nica con altos est\u00e1ndares de calidad, posicion\u00e1ndonos con el 40% de las industrias en la ciudad de Manta en el a\u00f1o 2027, logrando un posicionamiento y reconocimiento de nuestra marca como sin\u00f3nimo de excelencia, confianza, calidad y responsabilidad.<\/div>\n<div>&nbsp;<\/div>\n<div>&nbsp;<\/div>\n<div class=\"row\">\n<div>\n\t\t<style>\n\t\t\t#wpls-logo-showcase-slider-1 .wpls-fix-box,\n\t\t\t#wpls-logo-showcase-slider-1 .wpls-fix-box img.wp-post-image{max-height:250px; }\n\t\t<\/style>\n\n\t\t<div class=\"wpls-wrap wpls-logo-showcase-slider-wrp wpls-logo-clearfix wpls-design-1 \" data-conf=\"{&quot;slides_column&quot;:4,&quot;slides_scroll&quot;:1,&quot;dots&quot;:&quot;true&quot;,&quot;arrows&quot;:&quot;true&quot;,&quot;autoplay&quot;:&quot;true&quot;,&quot;autoplay_interval&quot;:3000,&quot;loop&quot;:&quot;true&quot;,&quot;rtl&quot;:&quot;false&quot;,&quot;speed&quot;:800,&quot;center_mode&quot;:&quot;false&quot;,&quot;lazyload&quot;:&quot;&quot;}\">\n\t\t\t<div class=\"wpls-logo-showcase logo_showcase wpls-logo-slider  sliderimage_hide_border \" id=\"wpls-logo-showcase-slider-1\" >\n\t\t\t\t<div class=\"wpls-logo-cnt\">\n\t<div class=\"wpls-fix-box\">\n\t\t\t\t<img decoding=\"async\" class=\"wp-post-image\"  src=\"https:\/\/nworion.com\/wp-content\/uploads\/2019\/10\/dahua.png\" alt=\"\" \/>\n\t\t\t<\/div>\n\t<\/div><div class=\"wpls-logo-cnt\">\n\t<div class=\"wpls-fix-box\">\n\t\t\t\t<img decoding=\"async\" class=\"wp-post-image\"  src=\"https:\/\/nworion.com\/wp-content\/uploads\/2019\/10\/hikvision.png\" alt=\"\" \/>\n\t\t\t<\/div>\n\t<\/div><div class=\"wpls-logo-cnt\">\n\t<div class=\"wpls-fix-box\">\n\t\t\t\t<img decoding=\"async\" class=\"wp-post-image\"  src=\"https:\/\/nworion.com\/wp-content\/uploads\/2019\/10\/next.png\" alt=\"\" \/>\n\t\t\t<\/div>\n\t<\/div><div class=\"wpls-logo-cnt\">\n\t<div class=\"wpls-fix-box\">\n\t\t\t\t<img decoding=\"async\" class=\"wp-post-image\"  src=\"https:\/\/nworion.com\/wp-content\/uploads\/2019\/10\/paradox.png\" alt=\"\" \/>\n\t\t\t<\/div>\n\t<\/div><div class=\"wpls-logo-cnt\">\n\t<div class=\"wpls-fix-box\">\n\t\t\t\t<img decoding=\"async\" class=\"wp-post-image\"  src=\"https:\/\/nworion.com\/wp-content\/uploads\/2019\/10\/zkteco.png\" alt=\"\" \/>\n\t\t\t<\/div>\n\t<\/div>\t\t\t<\/div>\n\t\t<\/div>\n\n\t\t<\/div>\n<div>&nbsp;<\/div>\n<\/div>\n<div class=\"row\">\n<p>&nbsp;<\/p>\n<\/div>\n","protected":false},"excerpt":{"rendered":"<p>MISI\u00d3N: Proveer servicios y productos de seguridad electr\u00f3nica vanguardistas en constante innovaci\u00f3n, con los mejores niveles de estabilidad, versatilidad y calidad; aplicando eficientes pr\u00e1cticas de trabajo y asesoramiento para garantizar la satisfacci\u00f3n de nuestros clientes. &nbsp; VISI\u00d3N: Ser la empresa l\u00edder en seguridad electr\u00f3nica con altos est\u00e1ndares de calidad, posicion\u00e1ndonos con el 40% de las [&hellip;]<\/p>\n","protected":false},"author":1,"featured_media":0,"parent":114,"menu_order":0,"comment_status":"closed","ping_status":"closed","template":"","meta":{"ngg_post_thumbnail":0,"footnotes":""},"class_list":["post-118","page","type-page","status-publish","hentry","post","post-with-thumbnail","post-with-thumbnail-large"],"_links":{"self":[{"href":"https:\/\/nworion.com\/index.php\/wp-json\/wp\/v2\/pages\/118"}],"collection":[{"href":"https:\/\/nworion.com\/index.php\/wp-json\/wp\/v2\/pages"}],"about":[{"href":"https:\/\/nworion.com\/index.php\/wp-json\/wp\/v2\/types\/page"}],"author":[{"embeddable":true,"href":"https:\/\/nworion.com\/index.php\/wp-json\/wp\/v2\/users\/1"}],"replies":[{"embeddable":true,"href":"https:\/\/nworion.com\/index.php\/wp-json\/wp\/v2\/comments?post=118"}],"version-history":[{"count":27,"href":"https:\/\/nworion.com\/index.php\/wp-json\/wp\/v2\/pages\/118\/revisions"}],"predecessor-version":[{"id":17758,"href":"https:\/\/nworion.com\/index.php\/wp-json\/wp\/v2\/pages\/118\/revisions\/17758"}],"up":[{"embeddable":true,"href":"https:\/\/nworion.com\/index.php\/wp-json\/wp\/v2\/pages\/114"}],"wp:attachment":[{"href":"https:\/\/nworion.com\/index.php\/wp-json\/wp\/v2\/media?parent=118"}],"curies":[{"name":"wp","href":"https:\/\/api.w.org\/{rel}","templated":true}]}}