{"id":116,"date":"2018-06-06T21:45:36","date_gmt":"2018-06-06T21:45:36","guid":{"rendered":"http:\/\/nworion.com\/?page_id=116"},"modified":"2025-11-10T01:29:28","modified_gmt":"2025-11-10T01:29:28","slug":"nosotros","status":"publish","type":"page","link":"https:\/\/nworion.com\/index.php\/acerca-de\/nosotros\/","title":{"rendered":"Nosotros"},"content":{"rendered":"<p>Network Ori\u00f3n Seguridad naci\u00f3 a mediados del a\u00f1o 2006, fundada por Josu\u00e9 Vega, quien inici\u00f3 sus actividades con la ayuda de su familia realizando peque\u00f1as instalaciones y mantenimientos de sistemas de alarmas y CCTV domiciliarios.<\/p>\n<p>Durante 18 a\u00f1os se han especializado en una gama completa de soluciones de seguridad electr\u00f3nica e inform\u00e1tica. Actualmente brindan servicio a grandes empresas industriales, comerciales e importantes urbanizaciones. Fabrica sus propios dispositivos y desarrolla su software de gesti\u00f3n e integraci\u00f3n.<\/p>\n<p>La innovaci\u00f3n y la capacitaci\u00f3n de sus colaboradores son pilares fundamentales para la operaci\u00f3n y desarrollo de la empresa que ofrecer los servicios de mantenimiento, venta e instalaci\u00f3n de Sistemas de Vigilancia &amp; Seguridad Electr\u00f3nica de protecci\u00f3n y prevenci\u00f3n para su hogar y\/o empresa a trav\u00e9s del uso de avanzada tecnolog\u00eda de detecci\u00f3n y transmisi\u00f3n que puede ser monitoreada v\u00eda telef\u00f3nica, internet o satelital; integramos productos como:<\/p>\n<div class=\"foogallery foogallery-container foogallery-default foogallery-lightbox-none fg-gutter-5 fg-center fg-default fg-light fg-shadow-outline fg-loading-pulse fg-loaded-fade-in fg-custom fg-hover-scale fg-caption-hover fg-hover-fade\" id=\"foogallery-gallery-3675\" data-foogallery=\"{&quot;item&quot;:{&quot;showCaptionTitle&quot;:true,&quot;showCaptionDescription&quot;:true},&quot;lazy&quot;:true,&quot;src&quot;:&quot;data-src-fg&quot;,&quot;srcset&quot;:&quot;data-srcset-fg&quot;}\" data-fg-common-fields=\"1\" >\r\n\t<div class=\"fg-item\"><figure class=\"fg-item-inner\"><a href=\"https:\/\/nworion.com\/wp-content\/uploads\/2019\/10\/bloggif_5db9b9004e4a9.jpg\" data-caption-title=\"SEGURIDAD ELECTR\u00d3NICA\" data-caption-desc=\"Network Orion\" data-attachment-id=\"3647\" class=\"fg-thumb\"><span class=\"fg-image-wrap\"><img title=\"SEGURIDAD ELECTR\u00d3NICA\" width=\"340\" height=\"221\" data-src-fg=\"https:\/\/nworion.com\/wp-content\/uploads\/cache\/2019\/10\/bloggif_5db9b9004e4a9\/4260227453.jpg\" class=\"fg-image\" \/><\/span><\/a><figcaption class=\"fg-caption\"><div class=\"fg-caption-inner\"><div class=\"fg-caption-title\">SEGURIDAD ELECTR\u00d3NICA<\/div><div class=\"fg-caption-desc\">Network Orion<\/div><\/div><\/figcaption><\/figure><div class=\"fg-loader\"><\/div><\/div><div class=\"fg-item\"><figure class=\"fg-item-inner\"><a href=\"https:\/\/nworion.com\/wp-content\/uploads\/2019\/10\/access-card-4575613_640.jpg\" data-caption-title=\"CONTROL DE ACCESOS\" data-caption-desc=\"Sistema de control de accesos\" data-attachment-id=\"3643\" class=\"fg-thumb\"><span class=\"fg-image-wrap\"><img title=\"CONTROL DE ACCESOS\" width=\"340\" height=\"221\" data-src-fg=\"https:\/\/nworion.com\/wp-content\/uploads\/cache\/2019\/10\/access-card-4575613_640\/1468640442.jpg\" class=\"fg-image\" \/><\/span><\/a><figcaption class=\"fg-caption\"><div class=\"fg-caption-inner\"><div class=\"fg-caption-title\">CONTROL DE ACCESOS<\/div><div class=\"fg-caption-desc\">Sistema de control de accesos<\/div><\/div><\/figcaption><\/figure><div class=\"fg-loader\"><\/div><\/div><div class=\"fg-item\"><figure class=\"fg-item-inner\"><a href=\"http:\/\/nworion.com\/index.php\/servicios\/contra-incendio\/\" data-caption-title=\"CONTRA INCENDIO\" data-caption-desc=\"Sistema contra incendio\" data-attachment-id=\"3554\" class=\"fg-thumb\"><span class=\"fg-image-wrap\"><img title=\"CONTRA INCENDIO\" width=\"340\" height=\"221\" data-src-fg=\"https:\/\/nworion.com\/wp-content\/uploads\/cache\/2012\/04\/aci-e1572450169269\/44720036.jpg\" class=\"fg-image\" \/><\/span><\/a><figcaption class=\"fg-caption\"><div class=\"fg-caption-inner\"><div class=\"fg-caption-title\">CONTRA INCENDIO<\/div><div class=\"fg-caption-desc\">Sistema contra incendio<\/div><\/div><\/figcaption><\/figure><div class=\"fg-loader\"><\/div><\/div><div class=\"fg-item\"><figure class=\"fg-item-inner\"><a href=\"http:\/\/nworion.com\/index.php\/servicios\/cercas-electricas\/\" data-caption-title=\"CERCAS EL\u00c9CTRICAS\" data-caption-desc=\"Instalaci\u00f3n de Cerca El\u00e9ctrica\" data-attachment-id=\"3548\" class=\"fg-thumb\"><span class=\"fg-image-wrap\"><img title=\"CERCAS EL\u00c9CTRICAS\" width=\"340\" height=\"221\" data-src-fg=\"https:\/\/nworion.com\/wp-content\/uploads\/cache\/2012\/04\/servicios_cerca_electrica\/2285735820.jpg\" class=\"fg-image\" \/><\/span><\/a><figcaption class=\"fg-caption\"><div class=\"fg-caption-inner\"><div class=\"fg-caption-title\">CERCAS EL\u00c9CTRICAS<\/div><div class=\"fg-caption-desc\">Instalaci\u00f3n de Cerca El\u00e9ctrica<\/div><\/div><\/figcaption><\/figure><div class=\"fg-loader\"><\/div><\/div><\/div>\r\n\n<p>Nuestra empresa se encuentra ubicada en la ciudad de Manta v\u00eda a Piedra larga, ruta Spondylus, Plaza comercial \u2018\u2019La Plaza Beach\u2019\u2019 local 14.<\/p>\n<p>Nuestra \u00e1rea de ventas podr\u00e1 realizar una visita personalizada y darle a conocer as\u00ed m\u00e1s informaci\u00f3n sobre nuestros equipos: caracter\u00edsticas, funcionabilidad, garant\u00edas, promociones y costos siendo nuestra prioridad cuidar sus intereses en estos momentos de inseguridad que vive el pa\u00eds.<\/p>\n<p>&nbsp;\u201cTrabajamos por su seguridad\u201d.&nbsp;A la espera de que nuestra soluci\u00f3n sea de su agrado nos suscribimos de ustedes.<\/p>\n<p><!-- PopBox:popboxRender --><br \/>\n<!-- PopBox trigger button --><br \/>\n<a data-target=\"#popup-3704\"><br \/>\nSolicitar Presupuesto<br \/>\n<\/a><br \/>\n<!-- \/PopBox trigger button --><br \/>\n<!-- PopBox --><br \/>\n<button type=\"button\" data-dismiss=\"modal\" aria-label=\"Close\"><br \/>\n<\/button><\/p>\n<form id=\"wpforms-form-193\" action=\"\/wp-admin\/admin-ajax.php\" enctype=\"multipart\/form-data\" method=\"post\" data-formid=\"193\"><label for=\"wpforms-193-field_3\">Nombres Completos *<\/label><input id=\"wpforms-193-field_3\" name=\"wpforms[fields][3]\" required=\"\" type=\"text\" placeholder=\"Ingrese su nombre completo\"><label for=\"wpforms-193-field_4\">Tel\u00e9fono *<\/label><input id=\"wpforms-193-field_4\" name=\"wpforms[fields][4]\" required=\"\" type=\"text\" placeholder=\"Ingrese n\u00famero tel\u00e9fonico\"><label for=\"wpforms-193-field_1\">Email *<\/label><input id=\"wpforms-193-field_1\" name=\"wpforms[fields][1]\" required=\"\" type=\"email\" placeholder=\"Ingrese su correo\"><label for=\"wpforms-193-field_6\">Servicios *<\/label><select id=\"wpforms-193-field_6\" name=\"wpforms[fields][6]\" required=\"\"><option disabled=\"disabled\" selected=\"selected\" value=\"\">Escoja servicios..<\/option><option value=\"CCTV\">CCTV<\/option><option value=\"ALARMAS\">ALARMAS<\/option><option value=\"CERCAS EL\u00c9CTRICAS\">CERCAS EL\u00c9CTRICAS<\/option><option value=\"CONTRA INCENDIO\">CONTRA INCENDIO<\/option><option value=\"OTROS\">OTROS<\/option><\/select><label for=\"wpforms-193-field_2\">Mensaje *<\/label><textarea id=\"wpforms-193-field_2\" name=\"wpforms[fields][2]\" required=\"\"><\/textarea><label for=\"wpforms-field_hp\">Phone<\/label><input id=\"wpforms-field_hp\" name=\"wpforms[hp]\" type=\"text\"><input name=\"wpforms[id]\" type=\"hidden\" value=\"193\"><input name=\"wpforms[author]\" type=\"hidden\" value=\"3\"><button id=\"wpforms-submit-193\" name=\"wpforms[submit]\" type=\"submit\" value=\"wpforms-submit\" data-alt-text=\"Enviando...\">Enviar<\/button><\/form>\n","protected":false},"excerpt":{"rendered":"<p>Network Ori\u00f3n Seguridad naci\u00f3 a mediados del a\u00f1o 2006, fundada por Josu\u00e9 Vega, quien inici\u00f3 sus actividades con la ayuda de su familia realizando peque\u00f1as instalaciones y mantenimientos de sistemas de alarmas y CCTV domiciliarios. Durante 18 a\u00f1os se han especializado en una gama completa de soluciones de seguridad electr\u00f3nica e inform\u00e1tica. Actualmente brindan servicio [&hellip;]<\/p>\n","protected":false},"author":1,"featured_media":0,"parent":114,"menu_order":0,"comment_status":"closed","ping_status":"closed","template":"","meta":{"ngg_post_thumbnail":0,"footnotes":""},"class_list":["post-116","page","type-page","status-publish","hentry","post"],"_links":{"self":[{"href":"https:\/\/nworion.com\/index.php\/wp-json\/wp\/v2\/pages\/116"}],"collection":[{"href":"https:\/\/nworion.com\/index.php\/wp-json\/wp\/v2\/pages"}],"about":[{"href":"https:\/\/nworion.com\/index.php\/wp-json\/wp\/v2\/types\/page"}],"author":[{"embeddable":true,"href":"https:\/\/nworion.com\/index.php\/wp-json\/wp\/v2\/users\/1"}],"replies":[{"embeddable":true,"href":"https:\/\/nworion.com\/index.php\/wp-json\/wp\/v2\/comments?post=116"}],"version-history":[{"count":15,"href":"https:\/\/nworion.com\/index.php\/wp-json\/wp\/v2\/pages\/116\/revisions"}],"predecessor-version":[{"id":24067,"href":"https:\/\/nworion.com\/index.php\/wp-json\/wp\/v2\/pages\/116\/revisions\/24067"}],"up":[{"embeddable":true,"href":"https:\/\/nworion.com\/index.php\/wp-json\/wp\/v2\/pages\/114"}],"wp:attachment":[{"href":"https:\/\/nworion.com\/index.php\/wp-json\/wp\/v2\/media?parent=116"}],"curies":[{"name":"wp","href":"https:\/\/api.w.org\/{rel}","templated":true}]}}